{"id":933,"date":"2022-06-15T10:53:45","date_gmt":"2022-06-15T10:53:45","guid":{"rendered":"http:\/\/www.orafogagonur.com\/?page_id=933"},"modified":"2023-07-08T06:14:18","modified_gmt":"2023-07-08T06:14:18","slug":"gold-und-silberkauf-bozen","status":"publish","type":"page","link":"https:\/\/www.orafogagonur.com\/de\/gold-und-silberkauf-bozen","title":{"rendered":"Gold- und Silberkauf"},"content":{"rendered":"<div class=\"fusion-fullwidth fullwidth-box fusion-builder-row-1 fusion-flex-container hundred-percent-fullwidth non-hundred-percent-height-scrolling\" style=\"background-color: rgba(255,255,255,0);background-position: center center;background-repeat: no-repeat;border-width: 0px 0px 0px 0px;border-color:#3e3e3e;border-style:solid;\" ><div class=\"fusion-builder-row fusion-row fusion-flex-align-items-flex-start\" style=\"width:104% !important;max-width:104% !important;margin-left: calc(-4% \/ 2 );margin-right: calc(-4% \/ 2 );\"><div class=\"fusion-layout-column fusion_builder_column fusion-builder-column-0 fusion_builder_column_1_1 1_1 fusion-flex-column fusion-flex-align-self-flex-start fusion-column-no-min-height\"><div class=\"fusion-column-wrapper fusion-flex-justify-content-flex-start fusion-content-layout-column\" style=\"background-position:left top;background-repeat:no-repeat;-webkit-background-size:cover;-moz-background-size:cover;-o-background-size:cover;background-size:cover;padding: 0px 0px 0px 0px;\"><div ><span class=\" fusion-imageframe imageframe-none imageframe-1 hover-type-none fusion-animated\" data-animationType=\"fadeInUp\" data-animationDuration=\"0.9\" data-animationOffset=\"top-into-view\"><img decoding=\"async\" alt=\"img-compro-oro-argento-bolzano-pago-in-contanti\" src=\"http:\/\/www.orafogagonur.com\/wp-content\/uploads\/img-compro-oro-argento-bolzano-pago-in-contanti.jpg\" class=\"img-responsive\"\/><\/span><\/div><div class=\"fusion-text fusion-text-1\"><h1 style=\"text-align: left;\">Compro oro pago in contanti<\/h1>\n<div id=\"post-10\" class=\"post-10 page type-page status-publish hentry\">\n<div class=\"entry\">\n<p style=\"text-align: left;\">Avete gioielli di cui volete liberarvi?<br \/>\nPortateceli, un nostro perito li valuter\u00e0 in euro e, in caso foste soddisfatti della quotazione, <strong>verrete pagati SUBITO in CONTANTI<\/strong>.<\/p>\n<p style=\"text-align: left;\">La valutazione \u00e8 <strong>gratuita<\/strong> e <strong>senza impegno<\/strong>, ritiriamo oro e argento, comprese monete e altri oggetti preziosi.<\/p>\n<p style=\"text-align: left;\">La nostra seriet\u00e0 e professionalit\u00e0 hanno soddisfatto gi\u00e0 molti clienti, che hanno sempre ottenuto la <strong>massima quotazione di mercato<\/strong>.<\/p>\n<h2 style=\"text-align: left;\">Cosa aspettate? <strong>Contattaci<\/strong> subito per valutazione senza impegn<\/h2>\n<p style=\"text-align: left;\"><span style=\"color: #ffcc00;\"><strong>Gold 18 kt: 30,00 \u20ac\/gr<\/strong><\/span><\/p>\n<p style=\"text-align: left;\"><span style=\"color: #ffcc00;\"><strong>Gold 14 kt: 22,00 \u20ac\/gr<\/strong><\/span><\/p>\n<p style=\"text-align: left;\"><span style=\"color: #ffcc00;\"><strong>Silber: 0,15-0,20 \u20ac\/gr<\/strong><\/span><\/p>\n<\/div>\n<h2 style=\"text-align: left;\">Uhrzeit<\/h2>\n<div class=\"entry\">\n<p style=\"text-align: left;\"><strong>Montag-Freitag<\/strong>: <span class=\"skype_c2c_print_container\">09.00-12.00<\/span> \/ 15.00-19.00<\/p>\n<p style=\"text-align: left;\"><strong>Mittwoch und Samstag<\/strong>: <span class=\"skype_c2c_print_container\">09.00-12.00<\/span><\/p>\n<p style=\"text-align: left;\"><strong>Sonntag<\/strong> mit Vormerkung<\/p>\n<\/div>\n<\/div>\n<\/div><\/div><style type=\"text\/css\">.fusion-body .fusion-builder-column-0{width:100% !important;margin-top : 0px;margin-bottom : 0px;}.fusion-builder-column-0 > .fusion-column-wrapper {padding-top : 0px !important;padding-right : 0px !important;margin-right : 1.92%;padding-bottom : 0px !important;padding-left : 0px !important;margin-left : 1.92%;}@media only screen and (max-width:1024px) {.fusion-body .fusion-builder-column-0{width:100% !important;}.fusion-builder-column-0 > .fusion-column-wrapper {margin-right : 1.92%;margin-left : 1.92%;}}@media only screen and (max-width:640px) {.fusion-body .fusion-builder-column-0{width:100% !important;}.fusion-builder-column-0 > .fusion-column-wrapper {margin-right : 1.92%;margin-left : 1.92%;}}<\/style><\/div><\/div><style type=\"text\/css\">.fusion-fullwidth.fusion-builder-row-1 { overflow:visible; }.fusion-body .fusion-flex-container.fusion-builder-row-1{ padding-top : 0px;margin-top : 0px;padding-right : 0px;padding-bottom : 0px;margin-bottom : 0px;padding-left : 0px;}<\/style><\/div>\n","protected":false},"excerpt":{"rendered":"","protected":false},"author":5,"featured_media":0,"parent":0,"menu_order":0,"comment_status":"closed","ping_status":"closed","template":"","meta":{"footnotes":""},"_links":{"self":[{"href":"https:\/\/www.orafogagonur.com\/de\/wp-json\/wp\/v2\/pages\/933"}],"collection":[{"href":"https:\/\/www.orafogagonur.com\/de\/wp-json\/wp\/v2\/pages"}],"about":[{"href":"https:\/\/www.orafogagonur.com\/de\/wp-json\/wp\/v2\/types\/page"}],"author":[{"embeddable":true,"href":"https:\/\/www.orafogagonur.com\/de\/wp-json\/wp\/v2\/users\/5"}],"replies":[{"embeddable":true,"href":"https:\/\/www.orafogagonur.com\/de\/wp-json\/wp\/v2\/comments?post=933"}],"version-history":[{"count":7,"href":"https:\/\/www.orafogagonur.com\/de\/wp-json\/wp\/v2\/pages\/933\/revisions"}],"predecessor-version":[{"id":1348,"href":"https:\/\/www.orafogagonur.com\/de\/wp-json\/wp\/v2\/pages\/933\/revisions\/1348"}],"wp:attachment":[{"href":"https:\/\/www.orafogagonur.com\/de\/wp-json\/wp\/v2\/media?parent=933"}],"curies":[{"name":"wp","href":"https:\/\/api.w.org\/{rel}","templated":true}]}}